{"id":2965,"date":"2021-11-04T13:45:19","date_gmt":"2021-11-04T13:45:19","guid":{"rendered":"https:\/\/libralex.com\/politique-de-confidentialite\/"},"modified":"2025-03-17T11:30:03","modified_gmt":"2025-03-17T11:30:03","slug":"politique-de-confidentialite","status":"publish","type":"page","link":"https:\/\/libralex.com\/fr\/politique-de-confidentialite\/","title":{"rendered":"Politique de confidentialit\u00e9"},"content":{"rendered":"<div class=\"et_d4_element et_pb_section et_pb_section_0  et_pb_css_mix_blend_mode et_section_regular et_block_section\" >\n\t\t\t\t\n\t\t\t\t\n\t\t\t\t\n\t\t\t\t\n\t\t\t\t\n\t\t\t\t\n\t\t\t\t<div class=\"et_d4_element et_pb_row et_pb_row_0  et_pb_css_mix_blend_mode et_block_row\">\n\t\t\t\t<div class=\"et_d4_element et_pb_column_4_4 et_pb_column et_pb_column_0  et_pb_css_mix_blend_mode et-last-child et_block_column\">\n\t\t\t\t\n\t\t\t\t\n\t\t\t\t\n\t\t\t\t\n\t\t\t\t<div class=\"et_pb_module et_d4_element et_pb_post_title et_pb_post_title_0 et_pb_bg_layout_light  et_pb_text_align_left\"   >\n\t\t\t\t\n\t\t\t\t\n\t\t\t\t\n\t\t\t\t\n\t\t\t\t\n\t\t\t\t<div class=\"et_pb_title_container\">\n\t\t\t\t\t<h1 class=\"entry-title\"><\/h1>\n\t\t\t\t<\/div>\n\t\t\t\t\n\t\t\t<\/div>\n\t\t\t<\/div>\n\t\t\t\t\n\t\t\t\t\n\t\t\t\t\n\t\t\t\t\n\t\t\t<\/div><div class=\"et_d4_element et_pb_row et_pb_row_1  et_pb_css_mix_blend_mode et_block_row\">\n\t\t\t\t<div class=\"et_d4_element et_pb_column_4_4 et_pb_column et_pb_column_1  et_pb_css_mix_blend_mode et-last-child et_block_column\">\n\t\t\t\t\n\t\t\t\t\n\t\t\t\t\n\t\t\t\t\n\t\t\t\t<div class=\"et_pb_module et_d4_element et_pb_text et_pb_text_0  et_pb_text_align_left et_pb_bg_layout_light\">\n\t\t\t\t\n\t\t\t\t\n\t\t\t\t\n\t\t\t\t\n\t\t\t\t<div class=\"et_pb_text_inner\">Nous vous informons par la pr\u00e9sente du traitement de vos donn\u00e9es personnelles (\u00ab Donn\u00e9es \u00bb) lorsque vous visitez notre site web (A.), lorsque vous nous contactez (B.) ou lorsque vous consultez nos profils sur les r\u00e9seaux sociaux (C.). Sous la section (E.), nous vous informons de vos droits, auxquels vous avez droit dans tous les cas de traitement de donn\u00e9es mentionn\u00e9s ci-dessus.<\/p>\n<p>Nous sommes responsables du traitement des donn\u00e9es :<\/p>\n<p>Libralex<br \/>\nHerengracht 481<br \/>\n1017 BT Amsterdam<\/p>\n<p>Vous pouvez nous contacter \u00e0 l'adresse suivante :<\/p>\n<p>Herengracht 481<br \/>\n1017 BT Amsterdam<br \/>\nT\u00e9l\u00e9phone : +31 (0) 20 620 22 88<br \/>\nE-mail : info@libralex.com<\/p>\n<p><strong>A. Use of our Website<\/strong><\/p>\n<p>Dans cette section, nous vous informons sur le traitement de vos donn\u00e9es lorsque vous visitez notre site web.<\/p>\n<p><strong>I. Port\u00e9e du traitement des donn\u00e9es<\/strong><br \/>\nLorsque vous acc\u00e9dez \u00e0 notre site web, les donn\u00e9es suivantes sont transmises \u00e0 notre serveur web et enregistr\u00e9es dans un fichier journal :<\/p>\n<ul>\n<li>Adresse IP<\/li>\n<li>Date et heure de chaque acc\u00e8s \u00e0 une page du site web<\/li>\n<li>Quantit\u00e9 de donn\u00e9es transf\u00e9r\u00e9es \u00e0 votre appareil<\/li>\n<li>Fichiers consult\u00e9s via la page d'accueil<\/li>\n<li>URL de la page\/du site \u00e0 partir duquel vous avez acc\u00e9d\u00e9 \u00e0 notre site web<\/li>\n<li>Le navigateur que vous utilisez (type et version)<\/li>\n<\/ul>\n<p><strong>II. Finalit\u00e9s du traitement des donn\u00e9es<\/strong><br \/>\nLe traitement de ces donn\u00e9es est n\u00e9cessaire pour afficher le contenu du site web sur votre appareil de la meilleure mani\u00e8re possible. Nous traitons \u00e9galement ces donn\u00e9es afin d'enqu\u00eater et de suivre les attaques sur notre syst\u00e8me informatique.<\/p>\n<p><strong>III. Base juridique du traitement des donn\u00e9es<\/strong><br \/>\nCes donn\u00e9es sont trait\u00e9es conform\u00e9ment \u00e0 l'article 6, paragraphe 1, lettre f du RGPD en raison de notre int\u00e9r\u00eat l\u00e9gitime \u00e0 pouvoir vous pr\u00e9senter le site web et \u00e0 suivre les attaques sur notre syst\u00e8me informatique.<\/p>\n<p><strong>IV. Destinataire des donn\u00e9es<\/strong><br \/>\nNous faisons appel \u00e0 un prestataire de services informatiques externe, Velocity Design Ltd., Kintail House, Beechwood Business Park, IVTwo, Inverness IV2 3BW, Royaume-Uni, pour la mise \u00e0 disposition du site web. Ce prestataire traite vos donn\u00e9es exclusivement selon nos instructions et sur la base d\u2019un contrat de traitement des commandes conform\u00e9ment \u00e0 l'article 28 du RGPD.<\/p>\n<p><strong>V. Dur\u00e9e de conservation<\/strong><br \/>\nLes donn\u00e9es du journal sont conserv\u00e9es pendant une p\u00e9riode de sept jours, puis supprim\u00e9es, sauf si leur conservation prolong\u00e9e est exceptionnellement n\u00e9cessaire pour suivre une attaque identifi\u00e9e.<\/p>\n<p><strong>B. Formulaire de contact<\/strong><\/p>\n<p>Vous pouvez nous contacter via un formulaire de contact ou par e-mail. Ce faisant, nous collectons les donn\u00e9es suivantes :<\/p>\n<ul>\n<li>Nom<\/li>\n<li>Adresse e-mail<\/li>\n<li>Num\u00e9ro de t\u00e9l\u00e9phone<\/li>\n<li>Message<\/li>\n<\/ul>\n<p><strong>II. Finalit\u00e9 du traitement des donn\u00e9es<\/strong><br \/>\nNous traitons vos donn\u00e9es dans le but de pouvoir r\u00e9pondre \u00e0 votre demande de la meilleure mani\u00e8re possible.<\/p>\n<p><strong>III. Base juridique du traitement des donn\u00e9es<\/strong><br \/>\nNous traitons vos donn\u00e9es sur la base de l'article 6, paragraphe 1, lettre f du RGPD. Notre int\u00e9r\u00eat l\u00e9gitime r\u00e9side dans la r\u00e9ponse \u00e0 votre demande qui nous est adress\u00e9e.<\/p>\n<p><strong>IV. Destinataire des donn\u00e9es<\/strong><br \/>\nLes donn\u00e9es seront uniquement trait\u00e9es par les personnes internes responsables des demandes de contact.<\/p>\n<p><strong>V. Dur\u00e9e de conservation<\/strong><br \/>\nLa dur\u00e9e de conservation d\u00e9pend du contenu de votre demande de contact. En principe, les donn\u00e9es sont supprim\u00e9es d\u00e8s qu'elles ne sont plus n\u00e9cessaires pour atteindre l'objectif pour lequel elles ont \u00e9t\u00e9 collect\u00e9es et que les obligations l\u00e9gales de conservation ont expir\u00e9.<\/p>\n<p><strong>C. Profils sur les r\u00e9seaux sociaux<\/strong><\/p>\n<p>Aucun cookie provenant des op\u00e9rateurs de plateformes de r\u00e9seaux sociaux n'est int\u00e9gr\u00e9 sur notre site web (par exemple via des plug-ins). Toutefois, nous g\u00e9rons nos propres profils sur divers r\u00e9seaux sociaux afin d'am\u00e9liorer constamment notre image ext\u00e9rieure et de fournir des informations sur les plateformes sociales respectives.<\/p>\n<p>Vous trouverez ci-dessous des informations concernant le traitement de vos donn\u00e9es par nos soins sur les diff\u00e9rentes plateformes de r\u00e9seaux sociaux.<\/p>\n<p><strong>I. Port\u00e9e du traitement des donn\u00e9es<\/strong><br \/>\nVous pouvez interagir avec notre profil sur LinkedIn en nous suivant, en laissant des commentaires sur nos publications, en marquant nos publications avec \u00ab J'aime \u00bb ou en partageant nos mises \u00e0 jour. Dans ce cas, nous recevons une notification de LinkedIn indiquant que vous avez visit\u00e9 ou interagi avec notre compte. Nous pouvons alors voir votre nom de profil, votre interaction et \u2014 si disponible \u2014 votre photo de profil. Si vous nous contactez via LinkedIn par message direct, nous pouvons voir votre profil utilisateur et votre message.<\/p>\n<p>LinkedIn nous fournit \u00e9galement des informations sur les visiteurs, les abonn\u00e9s et les mises \u00e0 jour de notre page LinkedIn (\u00ab Page Insights \u00bb). Ces informations sont affich\u00e9es sur notre page administrateur. \u00c0 la fois nous et LinkedIn Ireland Unlimited Company (Wilton Place, Dublin 2, Irlande, \u00ab LinkedIn \u00bb) sommes conjointement responsables du traitement de vos donn\u00e9es en lien avec cette fonction sur notre page LinkedIn. En particulier, LinkedIn est responsable de l'exercice de vos droits en mati\u00e8re de protection des donn\u00e9es en lien avec les \u00ab Page Insights \u00bb. Toutefois, vous pouvez \u00e9galement nous contacter pour faire valoir vos droits.<\/p>\n<p><strong>II. Finalit\u00e9 du traitement des donn\u00e9es<\/strong><br \/>\nNous traitons les donn\u00e9es afin de pouvoir interagir avec vous \u00e0 votre initiative et de lire et r\u00e9pondre \u00e0 votre demande ou notification. Nous n'utilisons pas la fonction d'analyse, mais nous ne pouvons pas la d\u00e9sactiver car LinkedIn ne propose pas cette option.<\/p>\n<p><strong>III. Base juridique<\/strong><br \/>\nNous traitons vos donn\u00e9es sur la base de notre int\u00e9r\u00eat l\u00e9gitime conform\u00e9ment \u00e0 l'article 6, paragraphe 1, lettre f du RGPD. Notre int\u00e9r\u00eat l\u00e9gitime r\u00e9side dans l'interaction avec vous, comme d\u00e9crit ci-dessus.<\/p>\n<p><strong>IV. Destinataire des donn\u00e9es<\/strong><br \/>\nVos donn\u00e9es seront consult\u00e9es par nos employ\u00e9s qui g\u00e8rent notre compte LinkedIn. De plus, LinkedIn traite vos donn\u00e9es conform\u00e9ment \u00e0 sa propre politique de confidentialit\u00e9.<br \/>\nFournisseur : LinkedIn Ireland Unlimited Company, Wilton Place, Dublin 2, Irlande.<\/p>\n<p>Politique de confidentialit\u00e9: <a href=\"https:\/\/www.linkedin.com\/legal\/privacy-policy\" target=\"_blank;\">https:\/\/www.linkedin.com\/legal\/privacy-policy<\/a><\/p>\n<p>D\u00e9sactivation de la publicit\u00e9: <a href=\"https:\/\/www.linkedin.com\/psettings\/guest-controls\/retargeting-opt-out\" target=\"_blank;\">www.linkedin.com\/psettings\/guest-controls\/retargeting-opt-out<\/a><\/p>\n<p><strong>V. Dur\u00e9e de conservation<\/strong><br \/>\nNous ne pouvons pas supprimer vos messages ou autres donn\u00e9es, car nous n'avons pas l'autorisation de le faire. Nous n'utilisons pas activement les messages directs sur LinkedIn pour communiquer avec vous \u2014 nous privil\u00e9gions la communication chiffr\u00e9e par e-mail. Si vous nous envoyez des messages directs, nous les supprimerons au plus tard un an apr\u00e8s la r\u00e9ception de votre message.<\/p>\n<p><strong>D. Transfert de donn\u00e9es personnelles vers des pays tiers<\/strong><\/p>\n<p>Il se peut que nous devions transf\u00e9rer vos donn\u00e9es personnelles vers des pays situ\u00e9s en dehors de l'Union europ\u00e9enne ou de l'Espace \u00e9conomique europ\u00e9en (appel\u00e9s \u00ab pays tiers \u00bb). Cela peut se produire, par exemple, si nous faisons appel \u00e0 un prestataire de services bas\u00e9 dans un tel pays. Nous prenons votre vie priv\u00e9e au s\u00e9rieux, c'est pourquoi nous proc\u00e9dons \u00e0 ce transfert uniquement lorsque : (i) la Commission europ\u00e9enne a d\u00e9cid\u00e9 que le pays dispose de lois ad\u00e9quates en mati\u00e8re de protection des donn\u00e9es (appel\u00e9e \u00ab d\u00e9cision d\u2019ad\u00e9quation \u00bb), ou (ii) nous avons mis en place des garanties appropri\u00e9es pour prot\u00e9ger vos donn\u00e9es. Cela signifie g\u00e9n\u00e9ralement l'utilisation de contrats sp\u00e9cifiques approuv\u00e9s par la Commission europ\u00e9enne (appel\u00e9s \u00ab clauses contractuelles types \u00bb). Dans tous les cas, nous nous assurons de suivre toutes les r\u00e8gles \u00e9tablies par le R\u00e8glement g\u00e9n\u00e9ral sur la protection des donn\u00e9es (RGPD) et de respecter les exigences sp\u00e9cifiques concernant le transfert de donn\u00e9es vers des pays en dehors de l'UE\/EEE.<\/p>\n<p>Notre objectif est toujours de garantir que vos donn\u00e9es personnelles b\u00e9n\u00e9ficient du m\u00eame niveau \u00e9lev\u00e9 de protection, quel que soit l'endroit o\u00f9 elles sont trait\u00e9es.<\/p>\n<p><strong>E. Vos droits en tant que personne concern\u00e9e<\/strong><\/p>\n<p>En tant que personne concern\u00e9e, vous disposez des droits suivants :<\/p>\n<p><strong>I. Droit d'acc\u00e8s \u00e0 l'information<\/strong><br \/>\nVous avez le droit d'obtenir gratuitement, sur demande, des informations concernant le traitement de vos donn\u00e9es personnelles et, le cas \u00e9ch\u00e9ant, de savoir quelles donn\u00e9es nous traitons \u00e0 votre sujet (article 15 du RGPD). Vous pouvez pr\u00e9senter une nouvelle demande dans un d\u00e9lai raisonnable. Vous avez \u00e9galement le droit de recevoir une copie de vos donn\u00e9es faisant l'objet de notre traitement.<\/p>\n<p><strong>II. Droit de rectification<\/strong><br \/>\nVous pouvez \u00e9galement demander la correction des donn\u00e9es inexactes vous concernant conform\u00e9ment \u00e0 l'article 16 du RGPD. Vous avez \u00e9galement le droit de demander la compl\u00e9tion des donn\u00e9es incompl\u00e8tes vous concernant, en tenant compte des finalit\u00e9s du traitement.<\/p>\n<p><strong>III. Droit \u00e0 l'effacement<\/strong><br \/>\nDans les conditions de l'article 17 du RGPD, vous pouvez demander la suppression de vos donn\u00e9es.<\/p>\n<p><strong>IV. Droit \u00e0 la limitation du traitement<\/strong><br \/>\nVous avez le droit d'exiger que nous limitions le traitement de vos donn\u00e9es si les conditions de l'article 18 du RGPD sont remplies. C'est le cas, par exemple, lorsque le traitement de vos donn\u00e9es n'est plus n\u00e9cessaire \u00e0 nos fins, mais que vous en avez besoin pour faire valoir, exercer ou d\u00e9fendre des droits en justice. Si le traitement de vos donn\u00e9es est limit\u00e9, ces donn\u00e9es \u2014 \u00e0 l'exception de leur stockage \u2014 ne pourront \u00eatre trait\u00e9es par nos soins qu'avec votre consentement ou dans les cas particuliers mentionn\u00e9s \u00e0 l'article 18, paragraphe 2 du RGPD.<\/p>\n<p><strong>V. Droit \u00e0 la portabilit\u00e9 des donn\u00e9es<\/strong><br \/>\nDans la mesure o\u00f9 les donn\u00e9es que vous nous avez fournies sont trait\u00e9es par nos soins sur la base de l'article 6, paragraphe 1, lettre b ou lettre a du RGPD (pour l'initiation ou l'ex\u00e9cution d'un contrat ou sur la base de votre consentement) par le biais de proc\u00e9dures automatis\u00e9es, vous pouvez, sous les conditions de l'article 20 du RGPD, demander la remise de ces donn\u00e9es dans un format structur\u00e9, couramment utilis\u00e9 et lisible par machine. Dans ce cas, vous pouvez \u00e9galement demander que nous transf\u00e9rions ces donn\u00e9es \u00e0 une autre personne responsable.<\/p>\n<p><strong>VI. Droit de retrait<\/strong><br \/>\nSi nous traitons vos donn\u00e9es sur la base de votre consentement, vous avez le droit de r\u00e9voquer ce consentement \u00e0 tout moment avec effet pour l'avenir (article 7, paragraphe 3 du RGPD).<\/p>\n<p><strong>VII. Droit d'opposition<\/strong><br \/>\nSi vos donn\u00e9es sont trait\u00e9es par nos soins sur la base de notre int\u00e9r\u00eat l\u00e9gitime pr\u00e9pond\u00e9rant (article 6, paragraphe 1, lettre f du RGPD), vous avez \u00e9galement le droit de vous opposer au traitement si vos int\u00e9r\u00eats en mati\u00e8re de protection des donn\u00e9es priment sur nos int\u00e9r\u00eats pour des raisons tenant \u00e0 votre situation particuli\u00e8re. En cas d'opposition, nous vous demandons de nous indiquer les raisons de votre opposition au traitement des donn\u00e9es.<\/p>\n<p><strong>VIII. Exercice de vos droits en tant que personne concern\u00e9e<\/strong><br \/>\nPour faire valoir vos droits en tant que personne concern\u00e9e, veuillez nous contacter par e-mail ou par courrier (coordonn\u00e9es ci-dessous).<\/p>\n<p><strong>IX. Droit de recours aupr\u00e8s d'une autorit\u00e9 de contr\u00f4le de la protection des donn\u00e9es<\/strong><br \/>\nSi vous soup\u00e7onnez que vos donn\u00e9es personnelles sont trait\u00e9es de mani\u00e8re illicite, vous pouvez introduire une r\u00e9clamation aupr\u00e8s d'une autorit\u00e9 de contr\u00f4le de la protection des donn\u00e9es, en particulier dans l'\u00c9tat membre o\u00f9 vous r\u00e9sidez, votre lieu de travail ou le lieu o\u00f9 l'infraction pr\u00e9sum\u00e9e a eu lieu (article 77 du RGPD).<\/p>\n<p><strong>F. Contact<\/strong><br \/>\nSi vous avez des questions concernant cette politique de confidentialit\u00e9 ou le traitement de vos donn\u00e9es personnelles par nos soins, vous pouvez nous contacter :<\/p>\n<p>Libralex<br \/>\nHerengracht 481<br \/>\n1017 BT Amsterdam<br \/>\nT\u00e9l\u00e9phone : +31 (0) 20 620 22 88<br \/>\nE-mail : info@libralex.com<\/div>\n\t\t\t<\/div>\n\t\t\t<\/div>\n\t\t\t\t\n\t\t\t\t\n\t\t\t\t\n\t\t\t\t\n\t\t\t<\/div>\n\t\t\t\t\n\t\t\t\t\n\t\t\t<\/div>\n","protected":false},"excerpt":{"rendered":"","protected":false},"author":13,"featured_media":0,"parent":0,"menu_order":0,"comment_status":"closed","ping_status":"closed","template":"","meta":{"_et_pb_use_builder":"on","_et_pb_old_content":"","_et_gb_content_width":"","footnotes":""},"class_list":["post-2965","page","type-page","status-publish","hentry"],"_links":{"self":[{"href":"https:\/\/libralex.com\/fr\/wp-json\/wp\/v2\/pages\/2965","targetHints":{"allow":["GET"]}}],"collection":[{"href":"https:\/\/libralex.com\/fr\/wp-json\/wp\/v2\/pages"}],"about":[{"href":"https:\/\/libralex.com\/fr\/wp-json\/wp\/v2\/types\/page"}],"author":[{"embeddable":true,"href":"https:\/\/libralex.com\/fr\/wp-json\/wp\/v2\/users\/13"}],"replies":[{"embeddable":true,"href":"https:\/\/libralex.com\/fr\/wp-json\/wp\/v2\/comments?post=2965"}],"version-history":[{"count":5,"href":"https:\/\/libralex.com\/fr\/wp-json\/wp\/v2\/pages\/2965\/revisions"}],"predecessor-version":[{"id":6925,"href":"https:\/\/libralex.com\/fr\/wp-json\/wp\/v2\/pages\/2965\/revisions\/6925"}],"wp:attachment":[{"href":"https:\/\/libralex.com\/fr\/wp-json\/wp\/v2\/media?parent=2965"}],"curies":[{"name":"wp","href":"https:\/\/api.w.org\/{rel}","templated":true}]}}