{"id":2961,"date":"2021-11-04T13:45:07","date_gmt":"2021-11-04T13:45:07","guid":{"rendered":"https:\/\/libralex.com\/mentions-legales\/"},"modified":"2025-03-17T07:36:59","modified_gmt":"2025-03-17T07:36:59","slug":"mentions-legales","status":"publish","type":"page","link":"https:\/\/libralex.com\/fr\/mentions-legales\/","title":{"rendered":"Mentions l\u00e9gales"},"content":{"rendered":"<div class=\"et_d4_element et_pb_section et_pb_section_0  et_pb_css_mix_blend_mode et_section_regular et_block_section\" >\n\t\t\t\t\n\t\t\t\t\n\t\t\t\t\n\t\t\t\t\n\t\t\t\t\n\t\t\t\t\n\t\t\t\t<div class=\"et_d4_element et_pb_row et_pb_row_0  et_pb_css_mix_blend_mode et_block_row\">\n\t\t\t\t<div class=\"et_d4_element et_pb_column_4_4 et_pb_column et_pb_column_0  et_pb_css_mix_blend_mode et-last-child et_block_column\">\n\t\t\t\t\n\t\t\t\t\n\t\t\t\t\n\t\t\t\t\n\t\t\t\t<div class=\"et_pb_module et_d4_element et_pb_text et_pb_text_0  et_pb_text_align_left et_pb_bg_layout_light\">\n\t\t\t\t\n\t\t\t\t\n\t\t\t\t\n\t\t\t\t\n\t\t\t\t<div class=\"et_pb_text_inner\"><p><strong>Fournisseur d'information:<\/strong><br \/>Libralex<br \/>Vereniging (comparable \u00e0 une association)<br \/>Herengracht 481, 1017BT Amsterdam<\/p>\n<p>Chambre de commerce des Pays-Bas<br \/>Num\u00e9ro CCI : 94083355<\/p>\n<p>RSIN : 866629567<\/p>\n<p>Libralex n'a pas de capital social.<\/p>\n<p><strong>Libralex Corporate est repr\u00e9sent\u00e9 l\u00e9galement par son Pr\u00e9sident:<\/strong><br \/>Dr. Sotiris Felios<br \/>10 Neofytou Vamva St.<br \/>106 74 Kolonaki, Ath\u00e8nes, Gr\u00e8ce<br \/>T\u00e9l\u00e9phone : +30 2107299630<br \/>Fax : +30 2107299651<br \/>e-mail : sfelios@felioslawfirm.gr<\/p>\n<p><strong>Veuillez adresser les demandes de presse ou des m\u00e9dias \u00e0 son Secr\u00e9taire:<\/strong><br \/>Pedro Ghidoni de Pina<br \/>Avenida 5 de Outubro 176<br \/>1050-063 Lisbonne<br \/>T\u00e9l\u00e9phone : +351 21 793 11 43<br \/>Fax : +351 21 793 11 44<br \/>e-mail : pgp@gdpalegal.com<\/p>\n<p><strong>Admission:<\/strong><br \/>Les avocats, juristes et solicitors des cabinets membres et, le cas \u00e9ch\u00e9ant, les cabinets membres eux-m\u00eames, sont admis \u00e0 l'exercice de la profession conform\u00e9ment aux r\u00e8gles applicables dans leurs juridictions respectives et sont soumis \u00e0 la surveillance des autorit\u00e9s r\u00e9glementaires locales ou nationales comp\u00e9tentes. Vous trouverez de plus amples informations sur les sites web respectifs des cabinets membres, lorsque ces d\u00e9tails doivent \u00eatre fournis conform\u00e9ment aux r\u00e8gles nationales en vigueur.<\/p>\n<p><strong>R\u00e8glement des litiges:<\/strong><br \/>Nous ne sommes pas tenus de participer \u00e0 un r\u00e8glement des litiges devant un comit\u00e9 d'arbitrage de consommateurs.<\/p><\/div>\n\t\t\t<\/div>\n\t\t\t<\/div>\n\t\t\t\t\n\t\t\t\t\n\t\t\t\t\n\t\t\t\t\n\t\t\t<\/div>\n\t\t\t\t\n\t\t\t\t\n\t\t\t<\/div>\n","protected":false},"excerpt":{"rendered":"","protected":false},"author":15,"featured_media":0,"parent":0,"menu_order":0,"comment_status":"closed","ping_status":"closed","template":"","meta":{"_et_pb_use_builder":"on","_et_pb_old_content":"","_et_gb_content_width":"","footnotes":""},"class_list":["post-2961","page","type-page","status-publish","hentry"],"_links":{"self":[{"href":"https:\/\/libralex.com\/fr\/wp-json\/wp\/v2\/pages\/2961","targetHints":{"allow":["GET"]}}],"collection":[{"href":"https:\/\/libralex.com\/fr\/wp-json\/wp\/v2\/pages"}],"about":[{"href":"https:\/\/libralex.com\/fr\/wp-json\/wp\/v2\/types\/page"}],"author":[{"embeddable":true,"href":"https:\/\/libralex.com\/fr\/wp-json\/wp\/v2\/users\/15"}],"replies":[{"embeddable":true,"href":"https:\/\/libralex.com\/fr\/wp-json\/wp\/v2\/comments?post=2961"}],"version-history":[{"count":5,"href":"https:\/\/libralex.com\/fr\/wp-json\/wp\/v2\/pages\/2961\/revisions"}],"predecessor-version":[{"id":6916,"href":"https:\/\/libralex.com\/fr\/wp-json\/wp\/v2\/pages\/2961\/revisions\/6916"}],"wp:attachment":[{"href":"https:\/\/libralex.com\/fr\/wp-json\/wp\/v2\/media?parent=2961"}],"curies":[{"name":"wp","href":"https:\/\/api.w.org\/{rel}","templated":true}]}}