{"id":3068,"date":"2021-11-05T11:31:07","date_gmt":"2021-11-05T11:31:07","guid":{"rendered":"https:\/\/libralex.com\/rechtliche-hinweise\/"},"modified":"2025-03-17T06:50:07","modified_gmt":"2025-03-17T06:50:07","slug":"rechtliche-hinweise","status":"publish","type":"page","link":"https:\/\/libralex.com\/de\/rechtliche-hinweise\/","title":{"rendered":"Rechtliche Hinweise"},"content":{"rendered":"<div class=\"et_d4_element et_pb_section et_pb_section_0  et_pb_css_mix_blend_mode et_section_regular et_block_section\" >\n\t\t\t\t\n\t\t\t\t\n\t\t\t\t\n\t\t\t\t\n\t\t\t\t\n\t\t\t\t\n\t\t\t\t<div class=\"et_d4_element et_pb_row et_pb_row_0  et_pb_css_mix_blend_mode et_block_row\">\n\t\t\t\t<div class=\"et_d4_element et_pb_column_4_4 et_pb_column et_pb_column_0  et_pb_css_mix_blend_mode et-last-child et_block_column\">\n\t\t\t\t\n\t\t\t\t\n\t\t\t\t\n\t\t\t\t\n\t\t\t\t<div class=\"et_pb_module et_d4_element et_pb_text et_pb_text_0  et_pb_text_align_left et_pb_bg_layout_light\">\n\t\t\t\t\n\t\t\t\t\n\t\t\t\t\n\t\t\t\t\n\t\t\t\t<div class=\"et_pb_text_inner\"><p><strong>Informationsanbieter:<\/strong><br \/>Libralex<br \/>Vereniging (vergleichbar mit einem Verein)<br \/>Herengracht 481, 1017BT Amsterdam<\/p>\n<p>Handelskammer der Niederlande<br \/>CCI-Nummer: 94083355<\/p>\n<p>RSIN: 866629567<\/p>\n<p>Libralex hat kein Stammkapital.<\/p>\n<p><strong>Libralex Corporate wird gesetzlich vertreten durch seinen Pr\u00e4sidenten:<\/strong><br \/>Dr. Sotiris Felios<br \/>10 Neofytou Vamva St.<br \/>106 74 Kolonaki, Athen, Griechenland<br \/>Telefon: +30 2107299630<br \/>Fax: +30 2107299651<br \/>E-Mail: sfelios@felioslawfirm.gr<\/p>\n<p><strong>Bitte richten Sie Presse- oder Medienanfragen an seinen Sekret\u00e4r:<\/strong><br \/>Pedro Ghidoni de Pina<br \/>Avenida 5 de Outubro 176<br \/>1050-063 Lissabon<br \/>Telefon: +351 21 793 11 43<br \/>Fax: +351 21 793 11 44<br \/>E-Mail: pgp@gdpalegal.com<\/p>\n<p><strong>Zulassung:<\/strong><br \/>Die Rechtsanw\u00e4lte, Anw\u00e4lte und Solicitors in den Mitgliedsfirmen und, soweit zutreffend, die Mitgliedsfirmen selbst, sind zur Aus\u00fcbung ihres Berufs gem\u00e4\u00df den jeweils geltenden berufsrechtlichen Bestimmungen in ihren jeweiligen Zust\u00e4ndigkeitsbereichen zugelassen und unterliegen der Aufsicht durch die entsprechenden lokalen oder nationalen Regulierungsbeh\u00f6rden. Weitere Informationen finden Sie auf den jeweiligen Websites der Mitgliedsfirmen, wo solche Angaben gem\u00e4\u00df den entsprechenden nationalen Vorschriften zu machen sind.<\/p>\n<p><strong>Streitbeilegung:<\/strong><br \/>Wir sind nicht verpflichtet, an einem Streitbeilegungsverfahren vor einer Verbraucherschlichtungsstelle teilzunehmen.<\/p><\/div>\n\t\t\t<\/div>\n\t\t\t<\/div>\n\t\t\t\t\n\t\t\t\t\n\t\t\t\t\n\t\t\t\t\n\t\t\t<\/div>\n\t\t\t\t\n\t\t\t\t\n\t\t\t<\/div>\n","protected":false},"excerpt":{"rendered":"","protected":false},"author":15,"featured_media":0,"parent":0,"menu_order":0,"comment_status":"closed","ping_status":"closed","template":"","meta":{"_et_pb_use_builder":"on","_et_pb_old_content":"","_et_gb_content_width":"","footnotes":""},"class_list":["post-3068","page","type-page","status-publish","hentry"],"_links":{"self":[{"href":"https:\/\/libralex.com\/de\/wp-json\/wp\/v2\/pages\/3068","targetHints":{"allow":["GET"]}}],"collection":[{"href":"https:\/\/libralex.com\/de\/wp-json\/wp\/v2\/pages"}],"about":[{"href":"https:\/\/libralex.com\/de\/wp-json\/wp\/v2\/types\/page"}],"author":[{"embeddable":true,"href":"https:\/\/libralex.com\/de\/wp-json\/wp\/v2\/users\/15"}],"replies":[{"embeddable":true,"href":"https:\/\/libralex.com\/de\/wp-json\/wp\/v2\/comments?post=3068"}],"version-history":[{"count":10,"href":"https:\/\/libralex.com\/de\/wp-json\/wp\/v2\/pages\/3068\/revisions"}],"predecessor-version":[{"id":6915,"href":"https:\/\/libralex.com\/de\/wp-json\/wp\/v2\/pages\/3068\/revisions\/6915"}],"wp:attachment":[{"href":"https:\/\/libralex.com\/de\/wp-json\/wp\/v2\/media?parent=3068"}],"curies":[{"name":"wp","href":"https:\/\/api.w.org\/{rel}","templated":true}]}}