{"id":3061,"date":"2021-11-05T11:31:02","date_gmt":"2021-11-05T11:31:02","guid":{"rendered":"https:\/\/libralex.com\/datenschutzrichtlinie\/"},"modified":"2025-03-17T11:48:34","modified_gmt":"2025-03-17T11:48:34","slug":"datenschutzrichtlinie","status":"publish","type":"page","link":"https:\/\/libralex.com\/de\/datenschutzrichtlinie\/","title":{"rendered":"Datenschutzrichtlinie"},"content":{"rendered":"<div class=\"et_d4_element et_pb_section et_pb_section_0  et_pb_css_mix_blend_mode et_section_regular et_block_section\" >\n\t\t\t\t\n\t\t\t\t\n\t\t\t\t\n\t\t\t\t\n\t\t\t\t\n\t\t\t\t\n\t\t\t\t<div class=\"et_d4_element et_pb_row et_pb_row_0  et_pb_css_mix_blend_mode et_block_row\">\n\t\t\t\t<div class=\"et_d4_element et_pb_column_4_4 et_pb_column et_pb_column_0  et_pb_css_mix_blend_mode et-last-child et_block_column\">\n\t\t\t\t\n\t\t\t\t\n\t\t\t\t\n\t\t\t\t\n\t\t\t\t<div class=\"et_pb_module et_d4_element et_pb_post_title et_pb_post_title_0 et_pb_bg_layout_light  et_pb_text_align_left\"   >\n\t\t\t\t\n\t\t\t\t\n\t\t\t\t\n\t\t\t\t\n\t\t\t\t\n\t\t\t\t<div class=\"et_pb_title_container\">\n\t\t\t\t\t<h1 class=\"entry-title\"><\/h1>\n\t\t\t\t<\/div>\n\t\t\t\t\n\t\t\t<\/div>\n\t\t\t<\/div>\n\t\t\t\t\n\t\t\t\t\n\t\t\t\t\n\t\t\t\t\n\t\t\t<\/div><div class=\"et_d4_element et_pb_row et_pb_row_1  et_pb_css_mix_blend_mode et_block_row\">\n\t\t\t\t<div class=\"et_d4_element et_pb_column_4_4 et_pb_column et_pb_column_1  et_pb_css_mix_blend_mode et-last-child et_block_column\">\n\t\t\t\t\n\t\t\t\t\n\t\t\t\t\n\t\t\t\t\n\t\t\t\t<div class=\"et_pb_module et_d4_element et_pb_text et_pb_text_0  et_pb_text_align_left et_pb_bg_layout_light\">\n\t\t\t\t\n\t\t\t\t\n\t\t\t\t\n\t\t\t\t\n\t\t\t\t<div class=\"et_pb_text_inner\">Hiermit informieren wir Sie \u00fcber die Verarbeitung Ihrer personenbezogenen Daten (\u201eDaten\u201c) bei Ihrem Besuch unserer Website (A.), wenn Sie uns kontaktieren (B.) oder unsere Social-Media-Profile besuchen (C.). Unter (E.) informieren wir Sie \u00fcber Ihre Rechte, die Ihnen in allen oben genannten F\u00e4llen der Datenverarbeitung durch uns zustehen.<\/p>\n<p>Wir sind verantwortlich f\u00fcr die Datenverarbeitung:<\/p>\n<p>Libralex<br \/>\nHerengracht 481<br \/>\n1017 BT Amsterdam<\/p>\n<p>Sie erreichen uns unter:<\/p>\n<p>Herengracht 481<br \/>\n1017 BT Amsterdam<br \/>\nTelefon: +31 (0) 20 620 22 88<br \/>\nE-Mail: info@libralex.com<\/p>\n<p><strong>A. Nutzung unserer Website<\/strong><\/p>\n<p>In diesem Abschnitt informieren wir Sie \u00fcber die Verarbeitung Ihrer Daten bei Ihrem Besuch unserer Website.<\/p>\n<p><strong>I. Umfang der Datenverarbeitung<\/strong><br \/>\nBeim Aufruf unserer Website werden die folgenden Daten an unseren Webserver \u00fcbertragen und in einer Logdatei gespeichert:<\/p>\n<ul>\n<li>IP-Adresse<\/li>\n<li>Datum und Uhrzeit des jeweiligen Zugriffs auf eine Seite der Website<\/li>\n<li>Menge der auf Ihr Ger\u00e4t \u00fcbertragenen Daten<\/li>\n<li>\u00dcber die Startseite aufgerufene Dateien<\/li>\n<li>URL der Seite\/Startseite, von der aus Sie auf unsere Website gelangt sind<\/li>\n<li>Von Ihnen verwendeter Browser (Typ und Version)<\/li>\n<\/ul>\n<p><strong>II. Zwecke der Datenverarbeitung<\/strong><br \/>\nDie Verarbeitung dieser Daten ist erforderlich, um die Inhalte der Website bestm\u00f6glich auf Ihrem Ger\u00e4t darzustellen. Dar\u00fcber hinaus verarbeiten wir diese Daten zur Untersuchung und Verfolgung von Angriffen auf unsere IT.<\/p>\n<p><strong>III. Rechtsgrundlage der Datenverarbeitung<\/strong><br \/>\nDie Verarbeitung dieser Daten erfolgt gem\u00e4\u00df Art. 6 Abs. 1 Buchstabe f DSGVO aufgrund unseres berechtigten Interesses, Ihnen die Website anzeigen und Angriffe auf unsere IT nachverfolgen zu k\u00f6nnen.<\/p>\n<p><strong>IV. Empf\u00e4nger der Daten<\/strong><br \/>\nWir nutzen zur Bereitstellung der Website einen externen IT-Dienstleister, Velocity Design Ltd., Kintail House, Beechwood Business Park, IVTwo, Inverness IV2 3BW, Vereinigtes K\u00f6nigreich. Dieser Dienstleister verarbeitet Ihre Daten ausschlie\u00dflich nach unseren Weisungen und auf Grundlage eines Auftragsverarbeitungsvertrags gem\u00e4\u00df Art. 28 DSGVO.<\/p>\n<p><strong>V. Speicherdauer<\/strong><br \/>\nDie Logdaten werden f\u00fcr einen Zeitraum von sieben Tagen gespeichert und anschlie\u00dfend gel\u00f6scht, es sei denn, es ist ausnahmsweise erforderlich, sie l\u00e4nger aufzubewahren, um einen festgestellten Angriff nachzuverfolgen.<\/p>\n<p><strong>B. Kontaktformular<\/strong><\/p>\n<p>Sie k\u00f6nnen uns \u00fcber ein Kontaktformular oder per E-Mail kontaktieren. Dabei erheben wir die folgenden Daten:<\/p>\n<ul>\n<li>Name<\/li>\n<li>E-Mail-Adresse<\/li>\n<li>Telefonnummer<\/li>\n<li>Nachricht<\/li>\n<\/ul>\n<p><strong>II. Zweck der Datenverarbeitung<\/strong><br \/>\nWir verarbeiten Ihre Daten, um Ihre Anfrage bestm\u00f6glich beantworten zu k\u00f6nnen.<\/p>\n<p><strong>III. Rechtsgrundlage der Datenverarbeitung<\/strong><br \/>\nWir verarbeiten Ihre Daten auf Grundlage von Art. 6 Abs. 1 Buchstabe f DSGVO. Unser berechtigtes Interesse besteht darin, auf Ihre an uns gerichtete Anfrage zu antworten.<\/p>\n<p><strong>IV. Empf\u00e4nger der Daten<\/strong><br \/>\nDie Daten werden ausschlie\u00dflich von den intern f\u00fcr die Kontaktanfragen zust\u00e4ndigen Ansprechpartnern verarbeitet.<\/p>\n<p><strong>V. Speicherdauer<\/strong><br \/>\nDie Speicherdauer h\u00e4ngt vom Inhalt Ihrer Kontaktanfrage ab. Grunds\u00e4tzlich werden die Daten gel\u00f6scht, sobald sie zur Erreichung des Zwecks, zu dem sie erhoben wurden, nicht mehr erforderlich sind und etwaige gesetzliche Aufbewahrungspflichten abgelaufen sind.<\/p>\n<p><strong>C. Social-Media-Profile<\/strong><\/p>\n<p>Auf unserer Website sind keine Cookies von Betreibern sozialer Medienplattformen integriert (z. B. \u00fcber Plug-ins). Wir betreiben jedoch verschiedene eigene Social-Media-Profile, um unser externes Erscheinungsbild stetig zu verbessern und Informationen auf den jeweiligen Social-Media-Plattformen bereitzustellen.<\/p>\n<p>Im Folgenden erhalten Sie Informationen zur Datenverarbeitung durch uns auf den jeweiligen Social-Media-Plattformen.<\/p>\n<p><strong>I. Umfang der Datenverarbeitung<\/strong><br \/>\nSie k\u00f6nnen mit unserem Profil auf LinkedIn interagieren, indem Sie uns folgen, Kommentare zu Beitr\u00e4gen hinterlassen, von uns gepostete Beitr\u00e4ge mit \u201eGef\u00e4llt mir\u201c markieren oder unsere Updates teilen. In diesem Fall erhalten wir von LinkedIn eine Benachrichtigung, dass Sie unser Konto besucht oder mit ihm interagiert haben. Wir k\u00f6nnen dann Ihren Profilnamen, Ihre Interaktion und \u2013 sofern verf\u00fcgbar \u2013 Ihr Profilbild einsehen. Wenn Sie uns \u00fcber LinkedIn per Direktnachricht kontaktieren, k\u00f6nnen wir Ihr Benutzerprofil und Ihre Nachricht sehen.<\/p>\n<p>LinkedIn stellt uns au\u00dferdem Informationen \u00fcber Besucher, Follower und Updates zu unserer LinkedIn-Seite (\u201ePage Insights\u201c) zur Verf\u00fcgung. Diese Informationen werden auf unserer Administratorseite angezeigt. Sowohl wir als auch die LinkedIn Ireland Unlimited Company (Wilton Place, Dublin 2, Irland, \u201eLinkedIn\u201c) sind gemeinsam f\u00fcr die Verarbeitung Ihrer Daten im Zusammenhang mit dieser Funktion auf unserer LinkedIn-Seite verantwortlich. Insbesondere ist LinkedIn f\u00fcr die Wahrnehmung Ihrer Datenschutzrechte im Zusammenhang mit den Page Insights verantwortlich. Dennoch k\u00f6nnen Sie sich zur Geltendmachung Ihrer Rechte auch an uns wenden.<\/p>\n<p><strong>II. Zweck der Datenverarbeitung<\/strong><br \/>\nWir verarbeiten die Daten, um auf Ihre Initiative hin mit Ihnen interagieren sowie Ihre Anfrage oder Mitteilung lesen und beantworten zu k\u00f6nnen. Wir nutzen die Analysefunktion nicht aktiv, k\u00f6nnen diese jedoch nicht deaktivieren, da LinkedIn diese M\u00f6glichkeit nicht anbietet.<\/p>\n<p><strong>III. Rechtsgrundlage<\/strong><br \/>\nWir verarbeiten Ihre Daten auf Grundlage unseres berechtigten Interesses gem\u00e4\u00df Art. 6 Abs. 1 lit. f DSGVO. Unser berechtigtes Interesse besteht in der oben beschriebenen Interaktion mit Ihnen.<\/p>\n<p><strong>IV. Empf\u00e4nger der Daten<\/strong><br \/>\nIhre Daten werden von unseren Mitarbeitern eingesehen, die unser LinkedIn-Konto verwalten. Dar\u00fcber hinaus verarbeitet LinkedIn Ihre Daten gem\u00e4\u00df seiner eigenen Datenschutzerkl\u00e4rung. Anbieter: LinkedIn Ireland Unlimited Company, Wilton Place, Dublin 2, Irland<\/p>\n<p>Datenschutzerkl\u00e4rung: <a href=\"https:\/\/www.linkedin.com\/legal\/privacy-policy\" target=\"_blank;\">https:\/\/www.linkedin.com\/legal\/privacy-policy<\/a><\/p>\n<p>Opt-out von Werbung: <a href=\"https:\/\/www.linkedin.com\/psettings\/guest-controls\/retargeting-opt-out\" target=\"_blank;\">www.linkedin.com\/psettings\/guest-controls\/retargeting-opt-out<\/a><\/p>\n<p><strong>V. Speicherdauer<\/strong><br \/>\nWir k\u00f6nnen Ihre Nachrichten oder andere Daten nicht l\u00f6schen, da wir hierzu keine Berechtigung haben. Wir nutzen Direktnachrichten auf LinkedIn nicht aktiv zur Kommunikation mit Ihnen \u2013 wir bevorzugen eine verschl\u00fcsselte Kommunikation per E-Mail. Wenn Sie uns Direktnachrichten senden, l\u00f6schen wir diese sp\u00e4testens ein Jahr nach Erhalt Ihrer Nachricht.<\/p>\n<p><strong>D. \u00dcbermittlung personenbezogener Daten in Drittl\u00e4nder<\/strong><\/p>\n<p>Es kann erforderlich sein, Ihre personenbezogenen Daten in L\u00e4nder au\u00dferhalb der Europ\u00e4ischen Union oder des Europ\u00e4ischen Wirtschaftsraums (sogenannte \u201eDrittl\u00e4nder\u201c) zu \u00fcbermitteln. Dies kann beispielsweise der Fall sein, wenn wir einen Dienstleister mit Sitz in einem solchen Land nutzen. Wir nehmen den Schutz Ihrer Privatsph\u00e4re sehr ernst und f\u00fchren eine solche \u00dcbermittlung nur dann durch, wenn (i) die Europ\u00e4ische Kommission entschieden hat, dass das betreffende Land \u00fcber angemessene Datenschutzgesetze verf\u00fcgt (sogenannte \u201eAngemessenheitsentscheidung\u201c) oder (ii) wir geeignete Garantien zum Schutz Ihrer Daten eingerichtet haben. Dies erfolgt in der Regel durch spezielle Vertr\u00e4ge, die von der Europ\u00e4ischen Kommission genehmigt wurden (sogenannte \u201eStandardvertragsklauseln\u201c). In allen F\u00e4llen stellen wir sicher, dass wir alle Vorgaben der Datenschutz-Grundverordnung (DSGVO) einhalten und die spezifischen Anforderungen f\u00fcr die \u00dcbermittlung von Daten in L\u00e4nder au\u00dferhalb der EU\/EWR erf\u00fcllen.<\/p>\n<p>Unser Ziel ist es stets, sicherzustellen, dass Ihre personenbezogenen Daten unabh\u00e4ngig vom Ort der Verarbeitung nach den gleichen hohen Standards gesch\u00fctzt sind.<\/p>\n<p><strong>E. Ihre Rechte als betroffene Person<\/strong><\/p>\n<p>Als betroffene Person haben Sie die folgenden Rechte:<\/p>\n<p><strong>I. Recht auf Auskunft<\/strong><br \/>\nSie haben das Recht, auf Anfrage unentgeltlich Auskunft dar\u00fcber zu erhalten, ob Daten, die Sie betreffen, verarbeitet werden und, falls ja, welche Daten wir \u00fcber Sie verarbeiten (Art. 15 DSGVO). Sie k\u00f6nnen diese Auskunft innerhalb eines angemessenen Zeitraums erneut beantragen. Zudem haben Sie das Recht, eine Kopie Ihrer Daten zu erhalten, die Gegenstand unserer Verarbeitung sind.<\/p>\n<p><strong>II. Recht auf Berichtigung<\/strong><br \/>\nSie k\u00f6nnen au\u00dferdem die Berichtigung unrichtiger Daten, die Sie betreffen, gem\u00e4\u00df Art. 16 DSGVO verlangen. Sie haben zudem das Recht, die Vervollst\u00e4ndigung unvollst\u00e4ndiger Daten zu verlangen, wobei der Zweck der Verarbeitung zu ber\u00fccksichtigen ist.<\/p>\n<p><strong>III. Recht auf L\u00f6schung<\/strong><br \/>\nUnter den Voraussetzungen des Art. 17 DSGVO k\u00f6nnen Sie die L\u00f6schung Ihrer Daten verlangen.<\/p>\n<p><strong>IV. Recht auf Einschr\u00e4nkung<\/strong><br \/>\nSie haben das Recht, von uns die Einschr\u00e4nkung der Verarbeitung zu verlangen, wenn die Voraussetzungen des Art. 18 DSGVO erf\u00fcllt sind. Dies ist beispielsweise der Fall, wenn die Verarbeitung Ihrer Daten f\u00fcr unsere Zwecke nicht mehr erforderlich ist, Sie diese jedoch zur Geltendmachung, Aus\u00fcbung oder Verteidigung von Rechtsanspr\u00fcchen ben\u00f6tigen. Wenn die Verarbeitung Ihrer Daten eingeschr\u00e4nkt wurde, d\u00fcrfen diese Daten \u2013 abgesehen von der Speicherung \u2013 nur mit Ihrer Einwilligung oder in den besonderen F\u00e4llen des Art. 18 Abs. 2 DSGVO verarbeitet werden.<\/p>\n<p><strong>V. Recht auf Daten\u00fcbertragbarkeit<\/strong><br \/>\nSoweit Daten, die Sie uns bereitgestellt haben, von uns auf Grundlage von Art. 6 Abs. 1 lit. b oder lit. a DSGVO (zur Vertragsabwicklung oder auf Grundlage Ihrer Einwilligung) mithilfe automatisierter Verfahren verarbeitet werden, k\u00f6nnen Sie nach Ma\u00dfgabe des Art. 20 DSGVO die Herausgabe dieser Daten in einem strukturierten, g\u00e4ngigen und maschinenlesbaren Format verlangen. In diesem Fall k\u00f6nnen Sie zudem verlangen, dass wir diese Daten einem anderen Verantwortlichen \u00fcbermitteln.<\/p>\n<p><strong>VI. Recht auf Widerruf<\/strong><br \/>\nFalls wir Ihre Daten auf Grundlage Ihrer Einwilligung verarbeiten, haben Sie das Recht, Ihre Einwilligung jederzeit mit Wirkung f\u00fcr die Zukunft zu widerrufen (Art. 7 Abs. 3 DSGVO).<\/p>\n<p><strong>VII. Recht auf Widerspruch<\/strong><br \/>\nWerden Ihre Daten von uns auf Grundlage unseres \u00fcberwiegenden berechtigten Interesses (Art. 6 Abs. 1 lit. f DSGVO) verarbeitet, haben Sie ebenfalls das Recht, Widerspruch einzulegen, wenn Ihre Interessen gegen die Datenverarbeitung aufgrund Ihrer besonderen Situation unsere Interessen an der Verarbeitung \u00fcberwiegen. Im Falle eines Widerspruchs bitten wir Sie daher, uns die Gr\u00fcnde mitzuteilen, weshalb Sie der Datenverarbeitung widersprechen.<\/p>\n<p><strong>VIII. Geltendmachung Ihrer Betroffenenrechte<\/strong><br \/>\nZur Wahrnehmung Ihrer Rechte als betroffene Person kontaktieren Sie uns bitte per E-Mail oder Brief (Kontaktdaten siehe unten).<\/p>\n<p><strong>IX. Recht auf Beschwerde bei einer Datenschutz-Aufsichtsbeh\u00f6rde<\/strong><br \/>\nFalls Sie vermuten, dass Ihre personenbezogenen Daten unrechtm\u00e4\u00dfig verarbeitet werden, k\u00f6nnen Sie bei einer Datenschutz-Aufsichtsbeh\u00f6rde Beschwerde einlegen, insbesondere in dem Mitgliedstaat Ihres Wohnsitzes, Ihres Arbeitsplatzes oder des Ortes des mutma\u00dflichen Versto\u00dfes (Art. 77 DSGVO).<\/p>\n<p><strong>F. Kontakt<\/strong><br \/>\nWenn Sie Fragen zu dieser Datenschutzerkl\u00e4rung oder zur Verarbeitung Ihrer personenbezogenen Daten durch uns haben, k\u00f6nnen Sie uns kontaktieren:<\/p>\n<p>Libralex<br \/>\nHerengracht 481<br \/>\n1017 BT Amsterdam<br \/>\nTelefon: +31 (0) 20 620 22 88<br \/>\nE-Mail: info@libralex.com<\/p><\/div>\n\t\t\t<\/div>\n\t\t\t<\/div>\n\t\t\t\t\n\t\t\t\t\n\t\t\t\t\n\t\t\t\t\n\t\t\t<\/div>\n\t\t\t\t\n\t\t\t\t\n\t\t\t<\/div>\n","protected":false},"excerpt":{"rendered":"","protected":false},"author":13,"featured_media":0,"parent":0,"menu_order":0,"comment_status":"closed","ping_status":"closed","template":"","meta":{"_et_pb_use_builder":"on","_et_pb_old_content":"","_et_gb_content_width":"","footnotes":""},"class_list":["post-3061","page","type-page","status-publish","hentry"],"_links":{"self":[{"href":"https:\/\/libralex.com\/de\/wp-json\/wp\/v2\/pages\/3061","targetHints":{"allow":["GET"]}}],"collection":[{"href":"https:\/\/libralex.com\/de\/wp-json\/wp\/v2\/pages"}],"about":[{"href":"https:\/\/libralex.com\/de\/wp-json\/wp\/v2\/types\/page"}],"author":[{"embeddable":true,"href":"https:\/\/libralex.com\/de\/wp-json\/wp\/v2\/users\/13"}],"replies":[{"embeddable":true,"href":"https:\/\/libralex.com\/de\/wp-json\/wp\/v2\/comments?post=3061"}],"version-history":[{"count":8,"href":"https:\/\/libralex.com\/de\/wp-json\/wp\/v2\/pages\/3061\/revisions"}],"predecessor-version":[{"id":6927,"href":"https:\/\/libralex.com\/de\/wp-json\/wp\/v2\/pages\/3061\/revisions\/6927"}],"wp:attachment":[{"href":"https:\/\/libralex.com\/de\/wp-json\/wp\/v2\/media?parent=3061"}],"curies":[{"name":"wp","href":"https:\/\/api.w.org\/{rel}","templated":true}]}}